{"id":4313,"date":"2017-10-01T19:09:49","date_gmt":"2017-10-01T19:09:49","guid":{"rendered":"http:\/\/cmac.md\/serviciu-verificare-dispozitive-medicale\/"},"modified":"2026-01-06T09:07:23","modified_gmt":"2026-01-06T07:07:23","slug":"medical-verifications","status":"publish","type":"page","link":"https:\/\/e-cmac.md\/en\/medical-verifications\/","title":{"rendered":"Medical Devices Verification"},"content":{"rendered":"<p>[vc_row][vc_column][vc_column_text][cl_page_header text_color=&#8221;light-text&#8221; background_color=&#8221;#3888e2&#8243; typography=&#8221;h3&#8243;][\/vc_column_text][\/vc_column][\/vc_row][vc_row][vc_column width=&#8221;1\/2&#8243;][vc_tta_tabs][vc_tta_section title=&#8221;GENERAL INFORMATION&#8221; tab_id=&#8221;1506889160990-4e1a6849-b2ec967f-f52d&#8221;][vc_column_text]\u00ce.S. \u201dCMAC\u201d presteaz\u0103 servicii de verificare periodic\u0103 a dispozitvevlor medicale utilizate \u00een economia na\u021bionale prin intermediul Organismului de inspec\u021bie de tip A, acreditat conform SM SR EN ISO\/CEI 17020:2013. (<strong>Certificat de acreditare<\/strong><strong> OI<\/strong><strong>-008<\/strong>).<\/p>\n<p>Organismul de Inspec\u021bie din cadrul \u00ce.S. \u201dCMAC\u201d este primul organism acreditat \u0219i recunoscut \u00een Republica Moldova \u00een domeniul verific\u0103rilor periodice a dispozitivelor medicale.<\/p>\n<p>Organismul de Inspec\u021bie efectueaz\u0103 verific\u0103ri periodice \u0219i dup\u0103 reparare a dispozitivelor medicale.<\/p>\n<p>Nr. de contact Recep\u021bie:\u00a0<strong>022 242 828<\/strong><\/p>\n<p>Email: <a href=\"mailto:metrologie@e-cmac.md\">metrologie@cmac.md<\/a><\/p>\n<p><strong>Organismul de inspec\u021bie de tip A \u00een domeniul verific\u0103rilor periodice a dispozitivelor medicale din cadrul \u00ce.S. \u201dCMAC\u201d:<\/strong><\/p>\n<p><strong>Loca\u021bia Chi\u0219in\u0103u (<\/strong><a href=\"http:\/\/e-cmac.md\/wp-content\/uploads\/2023\/01\/Anexa-nr.4-OI-VM-DM-CMAC-restringere.pdf\"><em>vezi detalii<\/em><\/a><strong>)<\/strong>[\/vc_column_text][\/vc_tta_section][vc_tta_section title=&#8221;RULES FOR SERVICE PROVIDING&#8221; tab_id=&#8221;1506889344959-635c4cfd-908b967f-f52d&#8221;][vc_column_text]<strong><u>Stages of the Periodic Verification Process for Medical Devices<\/u><\/strong><\/p>\n<p>1.Submission of the request at the Reception Section with the client\u2019s identification information (for individuals, the applicant\u2019s identity card is required);<\/p>\n<p>2. Delivery of the medical device to the Reception Section; <strong>Medical devices must be submitted for periodic verification intact, without defects, in working condition, along with the report from the previous verification and any auxiliary devices necessary for the periodic verification.<\/strong><\/p>\n<p>3. The following deadlines are set for periodic verification:<\/p>\n<ul>\n<li>10 (five) working days from the receipt of the medical devices when the periodic verification is conducted in the Provider&#8217;s laboratories;<\/li>\n<li>15 (ten) working days when the periodic verification is conducted at the Beneficiary\u2019s premises.<\/li>\n<\/ul>\n<p>4. Issuance of the inspection certificate in case of positive verification results, or an unserviceability report in case of negative results.<\/p>\n<p>For more information regarding periodic verification services for medical devices, please contact us at the following phone numbers:<\/p>\n<ul>\n<li>Chi\u0219in\u0103u location: (tel. 022 218-479; 022 218-480; 022 218-481);<\/li>\n<li>B\u0103l\u021bi location: (tel. 0231-241 12);<\/li>\n<li>Cead\u00eer-Lunga and Cahul locations: (tel. 0291-229 68).<\/li>\n<\/ul>\n<p>To conclude a service provision contract, please contact the Quality and Monitoring Section (tel. 022 218-521).[\/vc_column_text][\/vc_tta_section][vc_tta_section title=&#8221;TARIFS&#8221; tab_id=&#8221;1752853533017-fc801073-f09c&#8221;][vc_column_text]<\/p>\n<p style=\"text-align: center;\"><strong>Fees for Services Provided by the Inspection Body for Metrological Verifications and Medical Devices<\/strong><\/p>\n<p style=\"text-align: center;\"><\/p>\n<p>[\/vc_column_text][\/vc_tta_section][\/vc_tta_tabs][\/vc_column][vc_column width=&#8221;1\/2&#8243;][vc_single_image image=&#8221;13349&#8243; img_size=&#8221;medium&#8221; onclick=&#8221;custom_link&#8221; link=&#8221;https:\/\/e-cmac.md\/wp-content\/uploads\/2025\/04\/OI-008_CMAC_27.03.2025.signed.pdf&#8221;][vc_single_image image=&#8221;13352&#8243; img_size=&#8221;medium&#8221; onclick=&#8221;custom_link&#8221; link=&#8221;https:\/\/e-cmac.md\/wp-content\/uploads\/2024\/03\/recunoasterea-Ordin-nr.-236-din-06.03.2024_Organism-de-Inspectie-IS-CMAC.pdf&#8221;][\/vc_column][\/vc_row]<\/p>\n","protected":false},"excerpt":{"rendered":"<p>[vc_row][vc_column][vc_column_text][cl_page_header text_color=&#8221;light-text&#8221; background_color=&#8221;#3888e2&#8243; typography=&#8221;h3&#8243;][\/vc_column_text][\/vc_column][\/vc_row][vc_row][vc_column width=&#8221;1\/2&#8243;][vc_tta_tabs][vc_tta_section title=&#8221;GENERAL INFORMATION&#8221; tab_id=&#8221;1506889160990-4e1a6849-b2ec967f-f52d&#8221;][vc_column_text]\u00ce.S. \u201dCMAC\u201d presteaz\u0103 servicii de verificare periodic\u0103 a dispozitvevlor medicale utilizate \u00een economia na\u021bionale prin intermediul Organismului de inspec\u021bie de tip A, acreditat conform SM SR EN ISO\/CEI 17020:2013. (Certificat de acreditare OI-008). [&hellip;]<\/p>\n","protected":false},"author":3,"featured_media":0,"parent":0,"menu_order":0,"comment_status":"closed","ping_status":"closed","template":"","meta":{"_monsterinsights_skip_tracking":false,"_monsterinsights_sitenote_active":false,"_monsterinsights_sitenote_note":"","_monsterinsights_sitenote_category":0},"_links":{"self":[{"href":"https:\/\/e-cmac.md\/en\/wp-json\/wp\/v2\/pages\/4313"}],"collection":[{"href":"https:\/\/e-cmac.md\/en\/wp-json\/wp\/v2\/pages"}],"about":[{"href":"https:\/\/e-cmac.md\/en\/wp-json\/wp\/v2\/types\/page"}],"author":[{"embeddable":true,"href":"https:\/\/e-cmac.md\/en\/wp-json\/wp\/v2\/users\/3"}],"replies":[{"embeddable":true,"href":"https:\/\/e-cmac.md\/en\/wp-json\/wp\/v2\/comments?post=4313"}],"version-history":[{"count":10,"href":"https:\/\/e-cmac.md\/en\/wp-json\/wp\/v2\/pages\/4313\/revisions"}],"predecessor-version":[{"id":14642,"href":"https:\/\/e-cmac.md\/en\/wp-json\/wp\/v2\/pages\/4313\/revisions\/14642"}],"wp:attachment":[{"href":"https:\/\/e-cmac.md\/en\/wp-json\/wp\/v2\/media?parent=4313"}],"curies":[{"name":"wp","href":"https:\/\/api.w.org\/{rel}","templated":true}]}}