{"id":4338,"date":"2017-09-13T10:28:17","date_gmt":"2017-09-13T10:28:17","guid":{"rendered":"http:\/\/cmac.md\/verificari-metrologice\/"},"modified":"2017-09-13T10:28:17","modified_gmt":"2017-09-13T10:28:17","slug":"verificari-metrologice","status":"publish","type":"page","link":"https:\/\/e-cmac.md\/en\/verificari-metrologice\/","title":{"rendered":"Verific\u0103ri metrologice &#8211; Etalon\u0103ri"},"content":{"rendered":"<p>[cl_row css_style=&#8221;{&#8216;padding-top&#8217;:&#8217;0&#8242;}_-_json&#8221;][cl_column css_style=&#8221;{&#8216;padding-top&#8217;:&#8217;0&#8242;}_-_json&#8221;][cl_text css_style=&#8221;{&#8216;margin-top&#8217;:&#8217;0&#8242;}_-_json&#8221;]<\/p>\n<p>\u00ce.S. &#8220;Centrul de Metrologie Aplicat\u0103 \u0219i Certificare&#8221; presteaz\u0103 servicii de etalon\u0103ri mijloacelor de m\u0103surare \u00een conformitate cu urm\u0103torul domeniu de acreditare de\u021binut.<\/p>\n<p><b>Loca\u021bia Chi\u0219in\u0103u<\/b><\/p>\n<p><a href=\"http:\/\/acreditare.md\/public\/files\/domenii_de_acreditare\/LE\/Anexa_la_Certificat_LE_CMAC_12.2016.pdf\">http:\/\/acreditare.md\/public\/files\/domenii_de_acreditare\/LE\/Anexa_la_Certificat_LE_CMAC_12.2016.pdf<\/a><\/p>\n<p><b>Procesul de etalonare decurge conform urm\u0103torilor pa\u0219i<\/b><\/p>\n<p>1. Depunerea cererii \u0219i a procesului &#8211; verbal de negociere cu clien\u021bii (care se \u00eentocme\u0219te \u00eempreun\u0103 cu reprezentantul subdiviziunii metrologice) \u00een Sec\u021bia recep\u021bie a mijloacelor de m\u0103surare cu prezentarea informa\u021biei de identificare a clientului (pentru persoane fizice este necesar buletinul de identitate a solicitantului). Cererea \u0219i procesul &#8211; verbal de negociere cu clien\u021bii se \u00eentocme\u0219te \u00eempreun\u0103 cu reprezentantul subdiviziunii metrologice.<\/p>\n<p><b>Forma de cererii \u0219i a procesului verbal de negociere cu clien\u021bii<\/b><\/p>\n<p>2. Predarea mijlocului de m\u0103surare \u00een Sec\u021bia recep\u021bie a mijloacelor de m\u0103surare;<\/p>\n<p>3. Termenul de efectuare a etalon\u0103rilor se stabile\u015fte la momentul depunerii cererii de etalonare cu eliberarea Certificatului de etalonare.<\/p>\n<p>Mijloacele de m\u0103surare se prezint\u0103 la etalonare integre, f\u0103r\u0103 defec\u0163iuni, \u00een stare de func\u0163ionare cu certificatul de etalonare de la ultima etalonare \u015fi dispozitivele auxiliare necesare pentru etalonare.<\/p>\n<p>NOT\u0102: Serviciile prestate de c\u0103tre subdiviziunile metrologice ale \u00ce.S. &#8220;CMAC&#8221; se ini\u021biaz\u0103 din ziua achit\u0103rii costului lucr\u0103rilor.<\/p>\n<p>Pentru detalii suplimentare, referitoare la serviciile de etalonare a mijloacelor de m\u0103surare, V\u0103 rug\u0103m s\u0103 ne contacta\u021bi la numerele de telefon:<\/p>\n<p><b>(+373 22) 218 479<\/b><\/p>\n<p><b>(+373 22) 218 481<\/b><\/p>\n<p class=\"p1\">\n<p>[\/cl_text][\/cl_column][\/cl_row][cl_page_header text_color=&#8221;light-text&#8221; background_color=&#8221;#3888e2&#8243; typography=&#8221;h2&#8243;]<\/p>\n","protected":false},"excerpt":{"rendered":"<p>[cl_row css_style=&#8221;{&#8216;padding-top&#8217;:&#8217;0&#8242;}_-_json&#8221;][cl_column css_style=&#8221;{&#8216;padding-top&#8217;:&#8217;0&#8242;}_-_json&#8221;][cl_text css_style=&#8221;{&#8216;margin-top&#8217;:&#8217;0&#8242;}_-_json&#8221;] \u00ce.S. &#8220;Centrul de Metrologie Aplicat\u0103 \u0219i Certificare&#8221; presteaz\u0103 servicii de etalon\u0103ri mijloacelor de m\u0103surare \u00een conformitate cu urm\u0103torul domeniu de acreditare de\u021binut. Loca\u021bia Chi\u0219in\u0103u http:\/\/acreditare.md\/public\/files\/domenii_de_acreditare\/LE\/Anexa_la_Certificat_LE_CMAC_12.2016.pdf Procesul de etalonare decurge conform urm\u0103torilor pa\u0219i 1. Depunerea cererii \u0219i [&hellip;]<\/p>\n","protected":false},"author":3,"featured_media":0,"parent":0,"menu_order":0,"comment_status":"closed","ping_status":"closed","template":"","meta":{"_monsterinsights_skip_tracking":false,"_monsterinsights_sitenote_active":false,"_monsterinsights_sitenote_note":"","_monsterinsights_sitenote_category":0},"_links":{"self":[{"href":"https:\/\/e-cmac.md\/en\/wp-json\/wp\/v2\/pages\/4338"}],"collection":[{"href":"https:\/\/e-cmac.md\/en\/wp-json\/wp\/v2\/pages"}],"about":[{"href":"https:\/\/e-cmac.md\/en\/wp-json\/wp\/v2\/types\/page"}],"author":[{"embeddable":true,"href":"https:\/\/e-cmac.md\/en\/wp-json\/wp\/v2\/users\/3"}],"replies":[{"embeddable":true,"href":"https:\/\/e-cmac.md\/en\/wp-json\/wp\/v2\/comments?post=4338"}],"version-history":[{"count":0,"href":"https:\/\/e-cmac.md\/en\/wp-json\/wp\/v2\/pages\/4338\/revisions"}],"wp:attachment":[{"href":"https:\/\/e-cmac.md\/en\/wp-json\/wp\/v2\/media?parent=4338"}],"curies":[{"name":"wp","href":"https:\/\/api.w.org\/{rel}","templated":true}]}}