{"id":4340,"date":"2017-09-12T12:55:16","date_gmt":"2017-09-12T12:55:16","guid":{"rendered":"http:\/\/cmac.md\/subdiviziuni-metrologice\/"},"modified":"2017-09-12T12:55:16","modified_gmt":"2017-09-12T12:55:16","slug":"subdiviziuni-metrologice","status":"publish","type":"page","link":"https:\/\/e-cmac.md\/en\/subdiviziuni-metrologice\/","title":{"rendered":"Subdiviziuni Metrologice"},"content":{"rendered":"<p>[vc_row][vc_column][vc_column_text][cl_page_header text_color=&#8221;light-text&#8221; background_color=&#8221;#3888e2&#8243; typography=&#8221;h2&#8243;][\/vc_column_text][\/vc_column][\/vc_row][vc_row][vc_column][vc_column_text]<b>INFORMA\u021aII GENERALE<\/b><\/p>\n<p>Sec\u021bia recep\u021bie a mijloacelor de m\u0103surare a \u00ce.S. \u201eCMAC&#8221; efectueaz\u0103 gestionarea mijloacelor de m\u0103surare recep\u0163ionate de la clien\u0163i pentru verificarea metrologic\u0103 \/etalonarea respectiv asigur\u0103 consultarea agen\u0163ilor economici referitor la posibilit\u0103\u0163ile subdiviziunilor metrologice \u015fi legalitatea mijloacelor de m\u0103surare prezentate la verificarea metrologic\u0103 \/ etalonare.<\/p>\n<p><b>OBIECTIVE<\/b><\/p>\n<p>&#8211; gestionarea mijloacelor de m\u0103surare recep\u0163ionate de la clien\u0163i pentru verificarea metrologic\u0103 \/etalonarea;<\/p>\n<p>&#8211; consultarea agen\u0163ilor economici referitor la posibilit\u0103\u0163ile subdiviziunilor metrologice \u015fi legalitatea mijloacelor de m\u0103surare prezentate la verificarea metrologic\u0103\/etalonare;<\/p>\n<p>&#8211; acordarea asisten\u0163ei metodice agen\u0163ilor economici \u00een probleme legate de domeniul metrologiei;<\/p>\n<p>&#8211; men\u0163inerea \u015fi \u00eembun\u0103t\u0103\u0163irea continu\u0103 a sistemului de management.<\/p>\n<p><b>SERVICII OFERITE<\/b><\/p>\n<p>Sec\u021bia recep\u021bie a mijloacelor de m\u0103surare a \u00ce.S. \u201eCMAC&#8221; acord\u0103 asisten\u021b\u0103 agen\u0163ilor economici referitor la posibilit\u0103\u0163ile subdiviziunilor metrologice \u015fi legalitatea mijloacelor de m\u0103surare prezentate la verificarea metrologic\u0103\/etalonare c\u00eet \u0219i efectueaz\u0103 gestionarea mijloacelor de m\u0103surare recep\u0163ionate de la clien\u0163i pentru verificarea metrologic\u0103 \/etalonarea \u00een cadrul subdiviziunilor metrologice ale Direc\u021biei metrologie aplicat\u0103<br \/>\n<b>PERSONAL, FUNC\u0162II \u015eI COORDONATE<\/b><\/p>\n<p><i>Chi\u0219in\u0103u<\/i><\/p>\n<p>\u0218ef Sec\u021bie recep\u021bie a mijloacelor de m\u0103surare &#8211; Ruslan C\u0103lin<\/p>\n<p>tel. (022) 218 481<\/p>\n<p>tel. (022) 218 479<\/p>\n<p>(email: receptiemm@cmac.md)<\/p>\n<p>Specialist &#8211; Nicolae Maican<\/p>\n<p>Tehnician &#8211; Tatiana Samson<\/p>\n<p>Tehnician &#8211; Zaharov Serghei<br \/>\n<i>B\u0103l\u021bi<\/i><\/p>\n<p>Sector recep\u021bie a mijloacelor de m\u0103surare<\/p>\n<p>\u0218ef Sector recep\u021bie a mijloacelor de m\u0103surare<\/p>\n<p>Voitovici Alexandr<\/p>\n<p>tel. (0231) 2 50 94<\/p>\n<p>Specialist &#8211; Mirgorod Irina<br \/>\n<i>Cead\u00eer &#8211; Lunga<\/i><\/p>\n<p>Sector recep\u021bie a mijloacelor de m\u0103surare<\/p>\n<p>&#8211; Ormanji Tatiana tel. (0291) 22 9 68<\/p>\n<p>(email: metrolog.cl@gmail.com)<br \/>\n<i>Cahul<\/i><\/p>\n<p>Sector recep\u021bie a mijloacelor de m\u0103surare<\/p>\n<p>\u0162\u00eembaliuc Inna<\/p>\n<p>tel. (029) 946 007<\/p>\n<p>fax. (029) 946 180[\/vc_column_text][\/vc_column][\/vc_row]<\/p>\n","protected":false},"excerpt":{"rendered":"<p>[vc_row][vc_column][vc_column_text][cl_page_header text_color=&#8221;light-text&#8221; background_color=&#8221;#3888e2&#8243; typography=&#8221;h2&#8243;][\/vc_column_text][\/vc_column][\/vc_row][vc_row][vc_column][vc_column_text]INFORMA\u021aII GENERALE Sec\u021bia recep\u021bie a mijloacelor de m\u0103surare a \u00ce.S. \u201eCMAC&#8221; efectueaz\u0103 gestionarea mijloacelor de m\u0103surare recep\u0163ionate de la clien\u0163i pentru verificarea metrologic\u0103 \/etalonarea respectiv asigur\u0103 consultarea agen\u0163ilor economici referitor la posibilit\u0103\u0163ile subdiviziunilor metrologice \u015fi legalitatea mijloacelor [&hellip;]<\/p>\n","protected":false},"author":3,"featured_media":0,"parent":0,"menu_order":0,"comment_status":"closed","ping_status":"closed","template":"","meta":{"_monsterinsights_skip_tracking":false,"_monsterinsights_sitenote_active":false,"_monsterinsights_sitenote_note":"","_monsterinsights_sitenote_category":0},"_links":{"self":[{"href":"https:\/\/e-cmac.md\/en\/wp-json\/wp\/v2\/pages\/4340"}],"collection":[{"href":"https:\/\/e-cmac.md\/en\/wp-json\/wp\/v2\/pages"}],"about":[{"href":"https:\/\/e-cmac.md\/en\/wp-json\/wp\/v2\/types\/page"}],"author":[{"embeddable":true,"href":"https:\/\/e-cmac.md\/en\/wp-json\/wp\/v2\/users\/3"}],"replies":[{"embeddable":true,"href":"https:\/\/e-cmac.md\/en\/wp-json\/wp\/v2\/comments?post=4340"}],"version-history":[{"count":0,"href":"https:\/\/e-cmac.md\/en\/wp-json\/wp\/v2\/pages\/4340\/revisions"}],"wp:attachment":[{"href":"https:\/\/e-cmac.md\/en\/wp-json\/wp\/v2\/media?parent=4340"}],"curies":[{"name":"wp","href":"https:\/\/api.w.org\/{rel}","templated":true}]}}