{"id":4349,"date":"2017-09-12T12:09:01","date_gmt":"2017-09-12T12:09:01","guid":{"rendered":"http:\/\/cmac.md\/directia-metrologie-aplicata\/"},"modified":"2017-09-12T12:09:01","modified_gmt":"2017-09-12T12:09:01","slug":"directia-metrologie-aplicata","status":"publish","type":"page","link":"https:\/\/e-cmac.md\/en\/directia-metrologie-aplicata\/","title":{"rendered":"Direc\u021bia Metrologie Aplicat\u0103"},"content":{"rendered":"<p>[vc_row][vc_column][vc_column_text][cl_page_header text_color=&#8221;light-text&#8221; background_color=&#8221;#3888e2&#8243; typography=&#8221;h2&#8243;][\/vc_column_text][\/vc_column][\/vc_row][vc_row][vc_column][vc_tta_tabs alignment=&#8221;center&#8221; active_section=&#8221;1&#8243;][vc_tta_section title=&#8221;DESPRE&#8221; tab_id=&#8221;1505218276923-e4949ad9-194c&#8221;][vc_column_text]<a style=\"color: #3888e2;\" href=\"http:\/\/e-cmac.md\/public\/files\/cert\/Certificat-desemnare.PDF\" target=\"_blank\" rel=\"noopener\">Certificat de desemnare<\/a> (Click pentru a deschide \u00een fereastr\u0103 nou\u0103)<\/p>\n<p><a style=\"color: #3888e2;\" href=\"http:\/\/e-cmac.md\/public\/files\/cert\/Certificat-de-acreditare-cu-modificare-nr_3-din-08_04_2015%20%281%29.PDF\" target=\"_blank\" rel=\"noopener\">Certificat de acreditare<\/a> (Click pentru a deschide \u00een fereastr\u0103 nou\u0103)<\/p>\n<p>La baza activit\u0103\u021bi Serviciului Metrologie se afl\u0103 realizarea Legii Metrologiei nr. 19 din 04.03.2016, publicat\u0103 \u00een Monitorul Oficial Nr. 100-105, din data de 15.04.2016, cu intrarea in vigoare din data 15.10.2016, care are ca obiectiv asigurarea uniformit\u0103\u021bii \u0219i exactit\u0103\u021bii m\u0103sur\u0103rilor, protejarea persoanelor fizice \u0219i juridice, indiferent de tipul de proprietate \u0219i forma de organizare juridic\u0103, \u00eempotriva efectelor nocive ale m\u0103surilor incorecte sau false.<\/p>\n<p>Sarcina de baz\u0103 a Serviciului Metrologie este implementarea, la nivel na\u021bional, a politicii \u00een domeniul metrologiei, contribuirea la formarea unei infrastructuri metrologice dezvoltate \u00een Republica Moldova.<\/p>\n<p>\u00cen activitatea sa cotidian\u0103 Serviciul Metrologie se conduce de legisla\u021bia \u00een vigoare a Republicii Moldova, hot\u0103r\u00eerile \u0219i actele legislative ale Guvernului Republicii Moldova, alte acte \u0219i documente normative \u0219i legislative, \u021bine cont de tendin\u021bele interna\u021bionale \u00een domeniul metrologiei, hot\u0103r\u00eerile \u0219i materialele organiza\u021biilor interna\u021bionale \u0219i regionale, a conferin\u021belor interna\u021bionale, prevederile reglement\u0103rilor metrologice interna\u021bionale \u0219.a.<\/p>\n<p>Toat\u0103 activitatea Serviciului metrologie, reie\u0219ind din sarcinile \u0219i func\u021biile impuse, poate fi grupat\u0103 pe urm\u0103toarele direc\u021bii:<\/p>\n<ul>\n<li>\u00a0 bazele metodico-\u0219tiin\u021bifice ale metrologiei generale;<\/li>\n<li>\u00a0 bazele metodico-\u0219tiin\u021bifice ale metrologiei legale;<\/li>\n<li>\u00a0 cercet\u0103ri teoretice \u0219i practice;<\/li>\n<li>\u00a0 colaborare tehnico-\u0219tiin\u021bific\u0103 cu organiza\u021biile metrologice na\u021bionale, regionale \u0219i interna\u021bionale.<\/li>\n<\/ul>\n<p>\u00cencep\u00eend cu anul 2007, \u00een leg\u0103tur\u0103 cu semnarea acordului interstatal de recunoa\u0219tere mutual\u0103 a etaloanelor de referin\u021b\u0103 \u0219i certificatelor de etalonare \u0219i m\u0103sur\u0103ri (MRA), sunt trasate sarcini noi referitor la realizarea acestui acord, \u00een special referitor la formarea bazei interna\u021bionale a capabilit\u0103\u021bilor de m\u0103surare (CMC) pe domenii de m\u0103surare, efectuarea intercompar\u0103rilor etaloanelor din dotarea serviciului, men\u021binerea \u0219i dezvoltarea sistemului de management al calit\u0103\u021bii \u00een conformitate cu standardul ISO\/CEI 17025.<\/p>\n<p>Laboratoarele Serviciului Metrologie presteaz\u0103 servicii de etalonare, verificare metrologica, verificare metrologic\u0103 de expertiz\u0103 si incercari de aprobare de model ale mijloacelor de masurare. In acest scop se utilizeaz\u0103 etaloane \u00a0trasabile la etaloanele nationale sau la cele de referinta ale Republicii Moldova sau ale altor state care, la rindul lor, sunt trasabile la etaloanele internationale ale unitatilor SI. Calitatea rezultatelor serviciilor oferite este asigurat\u0103 prin sistemul de management al calit\u0103\u021bii conform cu cerin\u021bele standardului ISO\/CEI 17025.<\/p>\n<p>Tipurile de servicii prestate sunt indicate, pe domenii, in sectiunea \u201eLaboratoarele metrologice&#8221;.<\/p>\n<p>Costul serviciilor prestate pot fi sesizate \u00een sectiunea \u201eServicii \u0219i tarife&#8221;.<\/p>\n<p>Pentru servicii care nu sunt indicate in lista, beneficiarii pot contacta la biroul de recep\u021bie al Serviciului Metrologie la telefoanele: 218\u00a0479; 218\u00a0480; 218\u00a0481;748\u00a0743.<\/p>\n<p>Vizit\u00eend site-ul nostru pute\u021bi afla posibilit\u0103\u021bile noastre, domeniile de m\u0103surare \u0219i alt\u0103 informa\u021bie util\u0103.<\/p>\n<p>Conlucr\u00eend cu Dvs noi respect\u0103m urm\u0103toarele principii: obiectivitate, onestitate, confiden\u021bialitate termeni minimali de efectuare a lucr\u0103rilor la o calitate \u00eenalt\u0103.<\/p>\n<p>Propriet\u0103\u021bile distinctive ale activit\u0103\u021bii noastre: un ajutor real clien\u021bilor \u00een solu\u021bionarea problemelor \u0219i pre\u021buri accesibile.<\/p>\n<p>Invit\u00eendu-v\u0103 s\u0103 colabora\u021bi cu noi, v\u0103 dorim prosperare Dvs personal \u0219i \u00eentreprinderii Dvs![\/vc_column_text][\/vc_tta_section][vc_tta_section title=&#8221;STRUCTURA&#8221; tab_id=&#8221;1505218744027-ef16b5d7-3928&#8243;][vc_single_image image=&#8221;3014&#8243; img_size=&#8221;full&#8221; alignment=&#8221;center&#8221; onclick=&#8221;img_link_large&#8221; img_link_target=&#8221;_blank&#8221;][\/vc_tta_section][vc_tta_section title=&#8221;MISIUNEA&#8221; tab_id=&#8221;1505218918133-6714a03b-615c&#8221;][vc_column_text]Misiunea de baz\u0103 a \u00a0Metrologie este asigurarea uniformitatii, exactitatii \u0219i trasabilitatii masurarilor \u00een Republica Moldova prin men\u021binerea \u0219i dezvoltarea bazei nationale de etaloane.[\/vc_column_text][vc_single_image image=&#8221;3436&#8243; img_size=&#8221;full&#8221; alignment=&#8221;center&#8221;][\/vc_tta_section][vc_tta_section title=&#8221;TEHNOLOGII&#8221; tab_id=&#8221;1505219002453-92b8e77f-0fd5&#8243;][vc_single_image image=&#8221;3017&#8243; img_size=&#8221;full&#8221; onclick=&#8221;img_link_large&#8221; img_link_target=&#8221;_blank&#8221;][\/vc_tta_section][vc_tta_section title=&#8221;INFORMA\u021aII&#8221; tab_id=&#8221;1505219273849-d8c50817-4781&#8243;][vc_btn title=&#8221;Adoptarea Sistemului SI&#8221; link=&#8221;url:http%3A%2F%2Fcmac.md%2Fpublic%2Ffiles%2FServiciulMetrologie%2Fserviciul_metr%2FAdoptarea_sistemului_SI.pdf|||&#8221;][vc_btn title=&#8221;O nou\u0103 metod\u0103 de etalonare a rezisten\u021bei electrice&#8221; link=&#8221;url:http%3A%2F%2Fcmac.md%2Fpublic%2Ffiles%2FServiciulMetrologie%2Fserviciul_metr%2FO_noua_metoda_de_etalonare_a_rezistentei_electrice.pdf|||&#8221;][\/vc_tta_section][vc_tta_section title=&#8221;REFERIN\u021aE UTILE&#8221; tab_id=&#8221;1505219326824-e10b3cd7-032e&#8221;][vc_column_text]<\/p>\n<ol>\n<li><a href=\"http:\/\/www.bipm.org\/en\/committees\/cipm\/\">Biroul interna\u021bional de m\u0103suri \u0219i greut\u0103\u021bi (BIPM)<\/a><\/li>\n<li><a href=\"http:\/\/www.oiml.org\/\">Organiza\u021bia interna\u021bional\u0103 de metrologie legal\u0103 (OIML)<\/a><\/li>\n<li><a href=\"http:\/\/www.iso.org\/iso\/home.htm\">Organiza\u021bia interna\u021bional\u0103 de standardizare (ISO)<\/a><\/li>\n<li><a href=\"http:\/\/www.iec.ch\/\">Comisia electrotehnic\u0103 interna\u021bional\u0103 (IEC)<\/a><\/li>\n<li><a href=\"http:\/\/www.cenelec.eu\/Cenelec\/Homepage.htm\">Comitetul european de standardizare \u00een electrotehnic\u0103 (CENELEC)<\/a><\/li>\n<li><a href=\"http:\/\/www.coomet.org\/\">Organiza\u021bia regionala de cooperare a institutelor metrologice ale statelor Euro-asiatice (COOMET)<\/a><\/li>\n<li><a href=\"http:\/\/www.euramet.org\/\">Asocia\u021bia european\u0103 a institutelor na\u021bionale de metrologie (EURAMET)<\/a><\/li>\n<li><a href=\"http:\/\/www.ptb.de\/\">Biroul fizico-tehnic (PTB, Germania)<\/a><\/li>\n<li><a href=\"http:\/\/www.sp.se\/en\/Sidor\/default.aspx\">SP Institutul Na\u021bional de \u00cencerc\u0103ri \u0219i Cercet\u0103ri (Suedia)<\/a><\/li>\n<li><a href=\"http:\/\/www.mec.gov.md\/\">Autoritatea Central\u0103 de Metrologie (Ministerul Economiei)<\/a><\/li>\n<li><a href=\"http:\/\/www.acreditare.md\/ru\/index.php?pagina=noutati\">Centrul de Acreditare \u00een Domeniul Evalu\u0103rii Conformit\u0103\u021bii Produselor<\/a><\/li>\n<li><a href=\"http:\/\/www.inm.ro\/\">Institutul Na\u021bional de Metrologie a Romaniei (INM, Romania)<\/a><\/li>\n<li><a href=\"http:\/\/www.brml.ro\/\">Biroul na\u021bional de metrologie Legal\u0103 (BRML, Romania)<\/a><\/li>\n<li><a href=\"http:\/\/www.renar.ro\/\">Asocia\u021bia de acreditare din Romania \u00a0(RENAR)<\/a><\/li>\n<li><a href=\"http:\/\/www.nist.gov\/index.html\">Institutul na\u021bional de standarde \u0219i tehnologii (NIST, SUA)<\/a><\/li>\n<li><a href=\"http:\/\/www.npl.co.uk\/\">Laboratorul Na\u021bional de fizic\u0103 (NPL, Marea Britanie)<\/a><\/li>\n<li><a href=\"http:\/\/www.lne.eu\/index-en.asp\">Laboratorul na\u021bional de \u00eencerc\u0103ri (LNE, Fran\u021ba)<\/a><\/li>\n<li><a href=\"http:\/\/english.kriss.re.kr\/\">Institutul coreean de cercet\u0103ri \u0219tiin\u021bifice a etaloanelor \u0219i \u0219tiin\u021b\u0103 (KRISS, Coreea)<\/a><\/li>\n<li><a href=\"http:\/\/www.smu.sk\/category\/44\/\">Institutul Na\u021bional de Metrologie din Slovacia (SMU, Slovacia)<\/a><\/li>\n<li><a href=\"http:\/\/www.cmi.cz\/index.php?lang=2&amp;par=&amp;wdc=&amp;act\">Institutul de Metrologie din Cehia (CMI, Cehia)<\/a><\/li>\n<li><a href=\"http:\/\/www.vniims.ru\/\">Institutul Rus de Cercet\u0103ri \u0218tiin\u021bifice a Serviciului de Metrologie din Rusia (VNIIMS, Rusia)<\/a><\/li>\n<li><a href=\"http:\/\/www.vniim.ru\/index.html\">Institutul de Cercet\u0103ri \u0218tiin\u021bifice \u00een Metrologie \u00een numele lui Mendeleev din Rusia (VNIIM, Rusia)<\/a><\/li>\n<li><a href=\"http:\/\/www.ukrcsm.kiev.ua\/\">\u00ceS \u201eUcrmetrteststandard&#8221; (Ucraina)<\/a><\/li>\n<li><a href=\"http:\/\/www.belgim.by\/\">Institutul de Stat de Metrologie din Belarusi (BelGIM)<\/a><\/li>\n<li><a href=\"http:\/\/www.xumuk.ru\/\">Chimistul (site universal)<\/a><\/li>\n<\/ol>\n<p>[\/vc_column_text][\/vc_tta_section][\/vc_tta_tabs][\/vc_column][\/vc_row]<\/p>\n","protected":false},"excerpt":{"rendered":"<p>[vc_row][vc_column][vc_column_text][cl_page_header text_color=&#8221;light-text&#8221; background_color=&#8221;#3888e2&#8243; typography=&#8221;h2&#8243;][\/vc_column_text][\/vc_column][\/vc_row][vc_row][vc_column][vc_tta_tabs alignment=&#8221;center&#8221; active_section=&#8221;1&#8243;][vc_tta_section title=&#8221;DESPRE&#8221; tab_id=&#8221;1505218276923-e4949ad9-194c&#8221;][vc_column_text]Certificat de desemnare (Click pentru a deschide \u00een fereastr\u0103 nou\u0103) Certificat de acreditare (Click pentru a deschide \u00een fereastr\u0103 nou\u0103) La baza activit\u0103\u021bi Serviciului Metrologie se afl\u0103 realizarea Legii Metrologiei nr. 19 din [&hellip;]<\/p>\n","protected":false},"author":3,"featured_media":0,"parent":0,"menu_order":0,"comment_status":"closed","ping_status":"closed","template":"","meta":{"_monsterinsights_skip_tracking":false,"_monsterinsights_sitenote_active":false,"_monsterinsights_sitenote_note":"","_monsterinsights_sitenote_category":0},"_links":{"self":[{"href":"https:\/\/e-cmac.md\/en\/wp-json\/wp\/v2\/pages\/4349"}],"collection":[{"href":"https:\/\/e-cmac.md\/en\/wp-json\/wp\/v2\/pages"}],"about":[{"href":"https:\/\/e-cmac.md\/en\/wp-json\/wp\/v2\/types\/page"}],"author":[{"embeddable":true,"href":"https:\/\/e-cmac.md\/en\/wp-json\/wp\/v2\/users\/3"}],"replies":[{"embeddable":true,"href":"https:\/\/e-cmac.md\/en\/wp-json\/wp\/v2\/comments?post=4349"}],"version-history":[{"count":0,"href":"https:\/\/e-cmac.md\/en\/wp-json\/wp\/v2\/pages\/4349\/revisions"}],"wp:attachment":[{"href":"https:\/\/e-cmac.md\/en\/wp-json\/wp\/v2\/media?parent=4349"}],"curies":[{"name":"wp","href":"https:\/\/api.w.org\/{rel}","templated":true}]}}